{"id":6530,"date":"2025-10-16T16:58:02","date_gmt":"2025-10-16T14:58:02","guid":{"rendered":"https:\/\/www.viviesperienze.com\/es\/?post_type=product&#038;p=6530"},"modified":"2025-11-13T18:12:35","modified_gmt":"2025-11-13T17:12:35","slug":"cena-con-asesinato-restaurante-braseria-horno-gregorio-santiponce-sevilla","status":"publish","type":"product","link":"https:\/\/www.viviesperienze.com\/es\/evento\/cena-con-asesinato-restaurante-braseria-horno-gregorio-santiponce-sevilla\/","title":{"rendered":"CENA CON ASESINATO &#8211; RESTAURANTE BRASER\u00cdA HORNO GREGORIO  &#8211; SANTIPONCE &#8211; SEVILLA"},"content":{"rendered":"","protected":false},"excerpt":{"rendered":"","protected":false},"featured_media":6552,"template":"","meta":[],"product_brand":[],"product_cat":[15],"product_tag":[],"class_list":{"0":"post-6530","1":"product","2":"type-product","3":"status-publish","4":"has-post-thumbnail","6":"city-sevilla","7":"product_cat-cena-con-asesinato","9":"first","10":"instock","11":"virtual","12":"purchasable","13":"product-type-tck_event"},"yoast_head":"<!-- This site is optimized with the Yoast SEO plugin v27.2 - https:\/\/yoast.com\/product\/yoast-seo-wordpress\/ -->\n<title>CENA CON ASESINATO - RESTAURANTE BRASER\u00cdA HORNO GREGORIO - SANTIPONCE - SEVILLA - ViviEsperienze<\/title>\n<meta name=\"robots\" content=\"index, follow, max-snippet:-1, max-image-preview:large, max-video-preview:-1\" \/>\n<link rel=\"canonical\" href=\"https:\/\/www.viviesperienze.com\/es\/evento\/cena-con-asesinato-restaurante-braseria-horno-gregorio-santiponce-sevilla\/\" \/>\n<meta property=\"og:locale\" content=\"es_ES\" \/>\n<meta property=\"og:type\" content=\"article\" \/>\n<meta property=\"og:title\" content=\"CENA CON ASESINATO - RESTAURANTE BRASER\u00cdA HORNO GREGORIO - SANTIPONCE - SEVILLA - ViviEsperienze\" \/>\n<meta property=\"og:url\" content=\"https:\/\/www.viviesperienze.com\/es\/evento\/cena-con-asesinato-restaurante-braseria-horno-gregorio-santiponce-sevilla\/\" \/>\n<meta property=\"og:site_name\" content=\"ViviEsperienze\" \/>\n<meta property=\"article:publisher\" content=\"https:\/\/www.facebook.com\/Viviesperienze\" \/>\n<meta property=\"article:modified_time\" content=\"2025-11-13T17:12:35+00:00\" \/>\n<meta property=\"og:image\" content=\"https:\/\/www.viviesperienze.com\/es\/wp-content\/uploads\/2025\/10\/Sito-Horno-Gregorio-31-10.jpg\" \/>\n\t<meta property=\"og:image:width\" content=\"1080\" \/>\n\t<meta property=\"og:image:height\" content=\"1080\" \/>\n\t<meta property=\"og:image:type\" content=\"image\/jpeg\" \/>\n<meta name=\"twitter:card\" content=\"summary_large_image\" \/>\n<meta name=\"twitter:label1\" content=\"Tiempo de lectura\" \/>\n\t<meta name=\"twitter:data1\" content=\"3 minutos\" \/>\n<script type=\"application\/ld+json\" class=\"yoast-schema-graph\">{\"@context\":\"https:\/\/schema.org\",\"@graph\":[{\"@type\":\"WebPage\",\"@id\":\"https:\/\/www.viviesperienze.com\/es\/evento\/cena-con-asesinato-restaurante-braseria-horno-gregorio-santiponce-sevilla\/\",\"url\":\"https:\/\/www.viviesperienze.com\/es\/evento\/cena-con-asesinato-restaurante-braseria-horno-gregorio-santiponce-sevilla\/\",\"name\":\"CENA CON ASESINATO - RESTAURANTE BRASER\u00cdA HORNO GREGORIO - SANTIPONCE - SEVILLA - ViviEsperienze\",\"isPartOf\":{\"@id\":\"https:\/\/www.viviesperienze.com\/es\/#website\"},\"primaryImageOfPage\":{\"@id\":\"https:\/\/www.viviesperienze.com\/es\/evento\/cena-con-asesinato-restaurante-braseria-horno-gregorio-santiponce-sevilla\/#primaryimage\"},\"image\":{\"@id\":\"https:\/\/www.viviesperienze.com\/es\/evento\/cena-con-asesinato-restaurante-braseria-horno-gregorio-santiponce-sevilla\/#primaryimage\"},\"thumbnailUrl\":\"https:\/\/www.viviesperienze.com\/es\/wp-content\/uploads\/2025\/10\/Sito-Horno-Gregorio-31-10.jpg\",\"datePublished\":\"2025-10-16T14:58:02+00:00\",\"dateModified\":\"2025-11-13T17:12:35+00:00\",\"breadcrumb\":{\"@id\":\"https:\/\/www.viviesperienze.com\/es\/evento\/cena-con-asesinato-restaurante-braseria-horno-gregorio-santiponce-sevilla\/#breadcrumb\"},\"inLanguage\":\"es\",\"potentialAction\":[{\"@type\":\"ReadAction\",\"target\":[\"https:\/\/www.viviesperienze.com\/es\/evento\/cena-con-asesinato-restaurante-braseria-horno-gregorio-santiponce-sevilla\/\"]}]},{\"@type\":\"ImageObject\",\"inLanguage\":\"es\",\"@id\":\"https:\/\/www.viviesperienze.com\/es\/evento\/cena-con-asesinato-restaurante-braseria-horno-gregorio-santiponce-sevilla\/#primaryimage\",\"url\":\"https:\/\/www.viviesperienze.com\/es\/wp-content\/uploads\/2025\/10\/Sito-Horno-Gregorio-31-10.jpg\",\"contentUrl\":\"https:\/\/www.viviesperienze.com\/es\/wp-content\/uploads\/2025\/10\/Sito-Horno-Gregorio-31-10.jpg\",\"width\":1080,\"height\":1080},{\"@type\":\"BreadcrumbList\",\"@id\":\"https:\/\/www.viviesperienze.com\/es\/evento\/cena-con-asesinato-restaurante-braseria-horno-gregorio-santiponce-sevilla\/#breadcrumb\",\"itemListElement\":[{\"@type\":\"ListItem\",\"position\":1,\"name\":\"Home\",\"item\":\"https:\/\/www.viviesperienze.com\/es\/\"},{\"@type\":\"ListItem\",\"position\":2,\"name\":\"Eventos en programa\",\"item\":\"https:\/\/www.viviesperienze.com\/es\/eventos-en-programa\/\"},{\"@type\":\"ListItem\",\"position\":3,\"name\":\"CENA CON ASESINATO &#8211; RESTAURANTE BRASER\u00cdA HORNO GREGORIO &#8211; SANTIPONCE &#8211; SEVILLA\"}]},{\"@type\":\"WebSite\",\"@id\":\"https:\/\/www.viviesperienze.com\/es\/#website\",\"url\":\"https:\/\/www.viviesperienze.com\/es\/\",\"name\":\"ViviEsperienze\",\"description\":\"\",\"publisher\":{\"@id\":\"https:\/\/www.viviesperienze.com\/es\/#organization\"},\"potentialAction\":[{\"@type\":\"SearchAction\",\"target\":{\"@type\":\"EntryPoint\",\"urlTemplate\":\"https:\/\/www.viviesperienze.com\/es\/?s={search_term_string}\"},\"query-input\":{\"@type\":\"PropertyValueSpecification\",\"valueRequired\":true,\"valueName\":\"search_term_string\"}}],\"inLanguage\":\"es\"},{\"@type\":\"Organization\",\"@id\":\"https:\/\/www.viviesperienze.com\/es\/#organization\",\"name\":\"ODISYA GROUP - FZCO\",\"url\":\"https:\/\/www.viviesperienze.com\/es\/\",\"logo\":{\"@type\":\"ImageObject\",\"inLanguage\":\"es\",\"@id\":\"https:\/\/www.viviesperienze.com\/es\/#\/schema\/logo\/image\/\",\"url\":\"https:\/\/www.viviesperienze.com\/es\/wp-content\/uploads\/2025\/08\/logo-viviesperienze.png\",\"contentUrl\":\"https:\/\/www.viviesperienze.com\/es\/wp-content\/uploads\/2025\/08\/logo-viviesperienze.png\",\"width\":1004,\"height\":211,\"caption\":\"ODISYA GROUP - FZCO\"},\"image\":{\"@id\":\"https:\/\/www.viviesperienze.com\/es\/#\/schema\/logo\/image\/\"},\"sameAs\":[\"https:\/\/www.facebook.com\/Viviesperienze\",\"https:\/\/www.instagram.com\/viviesperienze\/\"]}]}<\/script>\n<!-- \/ Yoast SEO plugin. -->","yoast_head_json":{"title":"CENA CON ASESINATO - RESTAURANTE BRASER\u00cdA HORNO GREGORIO - SANTIPONCE - SEVILLA - ViviEsperienze","robots":{"index":"index","follow":"follow","max-snippet":"max-snippet:-1","max-image-preview":"max-image-preview:large","max-video-preview":"max-video-preview:-1"},"canonical":"https:\/\/www.viviesperienze.com\/es\/evento\/cena-con-asesinato-restaurante-braseria-horno-gregorio-santiponce-sevilla\/","og_locale":"es_ES","og_type":"article","og_title":"CENA CON ASESINATO - RESTAURANTE BRASER\u00cdA HORNO GREGORIO - SANTIPONCE - SEVILLA - ViviEsperienze","og_url":"https:\/\/www.viviesperienze.com\/es\/evento\/cena-con-asesinato-restaurante-braseria-horno-gregorio-santiponce-sevilla\/","og_site_name":"ViviEsperienze","article_publisher":"https:\/\/www.facebook.com\/Viviesperienze","article_modified_time":"2025-11-13T17:12:35+00:00","og_image":[{"width":1080,"height":1080,"url":"https:\/\/www.viviesperienze.com\/es\/wp-content\/uploads\/2025\/10\/Sito-Horno-Gregorio-31-10.jpg","type":"image\/jpeg"}],"twitter_card":"summary_large_image","twitter_misc":{"Tiempo de lectura":"3 minutos"},"schema":{"@context":"https:\/\/schema.org","@graph":[{"@type":"WebPage","@id":"https:\/\/www.viviesperienze.com\/es\/evento\/cena-con-asesinato-restaurante-braseria-horno-gregorio-santiponce-sevilla\/","url":"https:\/\/www.viviesperienze.com\/es\/evento\/cena-con-asesinato-restaurante-braseria-horno-gregorio-santiponce-sevilla\/","name":"CENA CON ASESINATO - RESTAURANTE BRASER\u00cdA HORNO GREGORIO - SANTIPONCE - SEVILLA - ViviEsperienze","isPartOf":{"@id":"https:\/\/www.viviesperienze.com\/es\/#website"},"primaryImageOfPage":{"@id":"https:\/\/www.viviesperienze.com\/es\/evento\/cena-con-asesinato-restaurante-braseria-horno-gregorio-santiponce-sevilla\/#primaryimage"},"image":{"@id":"https:\/\/www.viviesperienze.com\/es\/evento\/cena-con-asesinato-restaurante-braseria-horno-gregorio-santiponce-sevilla\/#primaryimage"},"thumbnailUrl":"https:\/\/www.viviesperienze.com\/es\/wp-content\/uploads\/2025\/10\/Sito-Horno-Gregorio-31-10.jpg","datePublished":"2025-10-16T14:58:02+00:00","dateModified":"2025-11-13T17:12:35+00:00","breadcrumb":{"@id":"https:\/\/www.viviesperienze.com\/es\/evento\/cena-con-asesinato-restaurante-braseria-horno-gregorio-santiponce-sevilla\/#breadcrumb"},"inLanguage":"es","potentialAction":[{"@type":"ReadAction","target":["https:\/\/www.viviesperienze.com\/es\/evento\/cena-con-asesinato-restaurante-braseria-horno-gregorio-santiponce-sevilla\/"]}]},{"@type":"ImageObject","inLanguage":"es","@id":"https:\/\/www.viviesperienze.com\/es\/evento\/cena-con-asesinato-restaurante-braseria-horno-gregorio-santiponce-sevilla\/#primaryimage","url":"https:\/\/www.viviesperienze.com\/es\/wp-content\/uploads\/2025\/10\/Sito-Horno-Gregorio-31-10.jpg","contentUrl":"https:\/\/www.viviesperienze.com\/es\/wp-content\/uploads\/2025\/10\/Sito-Horno-Gregorio-31-10.jpg","width":1080,"height":1080},{"@type":"BreadcrumbList","@id":"https:\/\/www.viviesperienze.com\/es\/evento\/cena-con-asesinato-restaurante-braseria-horno-gregorio-santiponce-sevilla\/#breadcrumb","itemListElement":[{"@type":"ListItem","position":1,"name":"Home","item":"https:\/\/www.viviesperienze.com\/es\/"},{"@type":"ListItem","position":2,"name":"Eventos en programa","item":"https:\/\/www.viviesperienze.com\/es\/eventos-en-programa\/"},{"@type":"ListItem","position":3,"name":"CENA CON ASESINATO &#8211; RESTAURANTE BRASER\u00cdA HORNO GREGORIO &#8211; SANTIPONCE &#8211; SEVILLA"}]},{"@type":"WebSite","@id":"https:\/\/www.viviesperienze.com\/es\/#website","url":"https:\/\/www.viviesperienze.com\/es\/","name":"ViviEsperienze","description":"","publisher":{"@id":"https:\/\/www.viviesperienze.com\/es\/#organization"},"potentialAction":[{"@type":"SearchAction","target":{"@type":"EntryPoint","urlTemplate":"https:\/\/www.viviesperienze.com\/es\/?s={search_term_string}"},"query-input":{"@type":"PropertyValueSpecification","valueRequired":true,"valueName":"search_term_string"}}],"inLanguage":"es"},{"@type":"Organization","@id":"https:\/\/www.viviesperienze.com\/es\/#organization","name":"ODISYA GROUP - FZCO","url":"https:\/\/www.viviesperienze.com\/es\/","logo":{"@type":"ImageObject","inLanguage":"es","@id":"https:\/\/www.viviesperienze.com\/es\/#\/schema\/logo\/image\/","url":"https:\/\/www.viviesperienze.com\/es\/wp-content\/uploads\/2025\/08\/logo-viviesperienze.png","contentUrl":"https:\/\/www.viviesperienze.com\/es\/wp-content\/uploads\/2025\/08\/logo-viviesperienze.png","width":1004,"height":211,"caption":"ODISYA GROUP - FZCO"},"image":{"@id":"https:\/\/www.viviesperienze.com\/es\/#\/schema\/logo\/image\/"},"sameAs":["https:\/\/www.facebook.com\/Viviesperienze","https:\/\/www.instagram.com\/viviesperienze\/"]}]}},"meta_box":{"categoria-format":{"term_id":15,"name":"Cena con Asesinato","slug":"cena-con-asesinato","term_group":0,"term_taxonomy_id":15,"taxonomy":"product_cat","description":"Un evento que une sabor y misterio: durante la cena, los invitados se convierten en detectives entre pistas, giros inesperados y mucha diversi\u00f3n.","parent":0,"count":13,"filter":"raw"},"city":[{"term_id":140,"name":"Sevilla","slug":"sevilla","term_group":0,"term_taxonomy_id":140,"taxonomy":"city","description":"","parent":0,"count":2,"filter":"raw"}],"location_evento":"6531","product-tag":[],"info_evento":{"info_txt_biglietteria":"<strong>Confirmar reserva<\/strong>\r\n\r\nDebe comprar su entrada para el espect\u00e1culo con antelaci\u00f3n. Indique el n\u00famero exacto de adultos y, si corresponde, el de ni\u00f1os. La cena se pagar\u00e1 directamente en el lugar.\r\n\r\n<strong>La reserva del espect\u00e1culo, conlleva la consumici\u00f3n de cena.<\/strong> No es posible asistir al espect\u00e1culo sin cena.\r\n\r\nDebe indicar cualquier <strong>alergia alimentaria<\/strong> al hacer la reserva.","type_format":"cena","evento_summary":[{"title_summary":"FORMATO","description_summary":"<div class=\"Y3BBE\" data-sfc-cp=\"\" data-hveid=\"CAEIAxAA\" data-processed=\"true\" data-complete=\"true\">La Cena con Asesinato es un evento exclusivo que une teatro y gastronom\u00eda, transformando a los invitados en protagonistas de un intrigante misterio.\r\nDurante la cena, dividida en actos, los actores representan una trama llena de suspense entre un plato y otro, manteniendo la atenci\u00f3n del p\u00fablico con continuos giros inesperados.\r\nCada plato se disfruta sin prisas, mientras la historia se desarrolla.\r\nAl final de la velada, los participantes deber\u00e1n resolver el misterio, desvelando al asesino y su motivo.\r\nEs perfecta para quienes buscan una experiencia diferente, divertida e interactiva, en una atm\u00f3sfera llena de emoci\u00f3n y sorpresas.<\/div>\r\n<div data-xid=\"Gd7Hsc\" data-sfc-cp=\"\" data-wiz-uids=\"WRVuOe_x\" data-complete=\"true\" data-processed=\"true\">\r\n<div class=\"DBd2Wb\" data-complete=\"true\" data-processed=\"true\">\r\n<div data-complete=\"true\" data-processed=\"true\"><\/div>\r\n<\/div>\r\n<\/div>","_state":"expanded"},{"title_summary":"TRAMA","description_summary":"El Sr. Chao ha muerto en su restaurante favorito.\r\n\r\nFamiliares y amigos se han reunido para darle una despedida, pero todo se enturbia cuando aparece \u201cel inspector\u201d, alegando que entre los invitados se encuentran los principales sospechosos del asesinato.\r\n\r\nNadie saldr\u00e1 del lugar hasta que se esclarezca el crimen.\r\n\r\n\u00bfQui\u00e9n ser\u00e1 el culpable?","_state":"expanded"},{"title_summary":"MEN\u00da","description_summary":"<h3><strong>MEN\u00da ADULTOS<\/strong><\/h3>\r\n<strong>Entrantes (para 4 personas)<\/strong>\r\n\r\nTabla de Jam\u00f3n de Bellota, Ca\u00f1a de Lomo y Queso Reserva Zamorano\r\nSelecci\u00f3n de embutidos y queso de primera calidad, presentada para compartir.\r\n\r\nCroquetas Caseras\r\nElaboradas artesanalmente, con una textura cremosa y crujiente por fuera.\r\n\r\nPapas Arrugadas con Mojo Canario\r\nCl\u00e1sico plato canario con salsa tradicional de mojo, perfecta para realzar el sabor.\r\n\r\n<strong>Primer Plato<\/strong>\r\n\r\nSalmorejo Cordob\u00e9s (individual)\r\nTradicional crema fr\u00eda andaluza de tomate, servida con su guarnici\u00f3n t\u00edpica.\r\n\r\n<strong>Plato Principal<\/strong>\r\n\r\nSolomillo de Cerdo Ib\u00e9rico con Mojo Canario a la Brasa\r\nJugoso solomillo de cerdo ib\u00e9rico, cocinado a la brasa y acompa\u00f1ado de mojo canario.\r\n\r\n<strong>Bodega<\/strong>\r\n\r\nRioja de la casa, refrescos, cerveza, tinto de verano o agua\r\n\r\n<strong>Postre Casero<\/strong>\r\n\r\nPostre casero del d\u00eda\r\no\r\nCaf\u00e9\r\n<h3><strong>MEN\u00da INFANTIL<\/strong><\/h3>\r\n<strong>Entrante<\/strong>\r\n\r\nCroquetas Caseras con Patatas Fritas\r\nSuaves y doradas, acompa\u00f1adas de patatas fritas crujientes.\r\n\r\n<strong>Plato Principal<\/strong>\r\n\r\nPechuga de Pollo a la Brasa con Patatas Fritas\r\nTierna pechuga de pollo, cocinada a la brasa y servida con patatas fritas.\r\n\r\n<strong>Bodega<\/strong>\r\n\r\nRefrescos, Casera o agua\r\n\r\nPostre Casero\r\n\r\nHelado\r\n\r\n<strong>Se puede solicitar cualquier variante del men\u00fa por intolerancias y elecciones diet\u00e9ticas, basta con comunicarlo durante el proceso de compra en el campo \"intolerancias especiales\".<\/strong>","_state":"expanded"}],"price_summary":[{"icon_summary":"couple","label_summary":"Costo De La Cena Por Adulto","price_summary":"30","_state":"expanded"},{"icon_summary":"children","label_summary":"Costo De La Cena Infantil","price_summary":"15","_state":"expanded"},{"icon_summary":"money","label_summary":"costo del espect\u00e1culo promoci\u00f3n","price_summary":"10","_state":"expanded"},{"icon_summary":"money","label_summary":"Costo del espect\u00e1culo est\u00e1ndar","price_summary":"15","_state":"expanded"}]}},"_links":{"self":[{"href":"https:\/\/www.viviesperienze.com\/es\/wp-json\/wp\/v2\/product\/6530","targetHints":{"allow":["GET"]}}],"collection":[{"href":"https:\/\/www.viviesperienze.com\/es\/wp-json\/wp\/v2\/product"}],"about":[{"href":"https:\/\/www.viviesperienze.com\/es\/wp-json\/wp\/v2\/types\/product"}],"wp:featuredmedia":[{"embeddable":true,"href":"https:\/\/www.viviesperienze.com\/es\/wp-json\/wp\/v2\/media\/6552"}],"wp:attachment":[{"href":"https:\/\/www.viviesperienze.com\/es\/wp-json\/wp\/v2\/media?parent=6530"}],"wp:term":[{"taxonomy":"product_brand","embeddable":true,"href":"https:\/\/www.viviesperienze.com\/es\/wp-json\/wp\/v2\/product_brand?post=6530"},{"taxonomy":"product_cat","embeddable":true,"href":"https:\/\/www.viviesperienze.com\/es\/wp-json\/wp\/v2\/product_cat?post=6530"},{"taxonomy":"product_tag","embeddable":true,"href":"https:\/\/www.viviesperienze.com\/es\/wp-json\/wp\/v2\/product_tag?post=6530"}],"curies":[{"name":"wp","href":"https:\/\/api.w.org\/{rel}","templated":true}]}}