{"id":6681,"date":"2025-10-28T11:53:40","date_gmt":"2025-10-28T10:53:40","guid":{"rendered":"https:\/\/www.viviesperienze.com\/es\/?post_type=product&#038;p=6681"},"modified":"2025-11-28T17:57:44","modified_gmt":"2025-11-28T16:57:44","slug":"cena-con-asesinato-il-gondoliere-nuovo-zaidin-granada","status":"publish","type":"product","link":"https:\/\/www.viviesperienze.com\/es\/evento\/cena-con-asesinato-il-gondoliere-nuovo-zaidin-granada\/","title":{"rendered":"CENA CON ASESINATO &#8211; IL GONDOLIERE NUOVO &#8211; ZAIDIN &#8211; GRANADA"},"content":{"rendered":"","protected":false},"excerpt":{"rendered":"","protected":false},"featured_media":6629,"template":"","meta":[],"product_brand":[],"product_cat":[15],"product_tag":[],"class_list":{"0":"post-6681","1":"product","2":"type-product","3":"status-publish","4":"has-post-thumbnail","6":"city-granada","7":"product_cat-cena-con-asesinato","9":"first","10":"outofstock","11":"virtual","12":"purchasable","13":"product-type-tck_event"},"yoast_head":"<!-- This site is optimized with the Yoast SEO plugin v27.2 - https:\/\/yoast.com\/product\/yoast-seo-wordpress\/ -->\n<title>CENA CON ASESINATO - IL GONDOLIERE NUOVO - ZAIDIN - GRANADA - ViviEsperienze<\/title>\n<meta name=\"robots\" content=\"index, follow, max-snippet:-1, max-image-preview:large, max-video-preview:-1\" \/>\n<link rel=\"canonical\" href=\"https:\/\/www.viviesperienze.com\/es\/evento\/cena-con-asesinato-il-gondoliere-nuovo-zaidin-granada\/\" \/>\n<meta property=\"og:locale\" content=\"es_ES\" \/>\n<meta property=\"og:type\" content=\"article\" \/>\n<meta property=\"og:title\" content=\"CENA CON ASESINATO - IL GONDOLIERE NUOVO - ZAIDIN - GRANADA - ViviEsperienze\" \/>\n<meta property=\"og:url\" content=\"https:\/\/www.viviesperienze.com\/es\/evento\/cena-con-asesinato-il-gondoliere-nuovo-zaidin-granada\/\" \/>\n<meta property=\"og:site_name\" content=\"ViviEsperienze\" \/>\n<meta property=\"article:publisher\" content=\"https:\/\/www.facebook.com\/Viviesperienze\" \/>\n<meta property=\"article:modified_time\" content=\"2025-11-28T16:57:44+00:00\" \/>\n<meta property=\"og:image\" content=\"https:\/\/www.viviesperienze.com\/es\/wp-content\/uploads\/2025\/10\/sito-spagna-Il-Gondoliere-28-11.jpg\" \/>\n\t<meta property=\"og:image:width\" content=\"1080\" \/>\n\t<meta property=\"og:image:height\" content=\"1080\" \/>\n\t<meta property=\"og:image:type\" content=\"image\/jpeg\" \/>\n<meta name=\"twitter:card\" content=\"summary_large_image\" \/>\n<meta name=\"twitter:label1\" content=\"Tiempo de lectura\" \/>\n\t<meta name=\"twitter:data1\" content=\"3 minutos\" \/>\n<script type=\"application\/ld+json\" class=\"yoast-schema-graph\">{\"@context\":\"https:\/\/schema.org\",\"@graph\":[{\"@type\":\"WebPage\",\"@id\":\"https:\/\/www.viviesperienze.com\/es\/evento\/cena-con-asesinato-il-gondoliere-nuovo-zaidin-granada\/\",\"url\":\"https:\/\/www.viviesperienze.com\/es\/evento\/cena-con-asesinato-il-gondoliere-nuovo-zaidin-granada\/\",\"name\":\"CENA CON ASESINATO - IL GONDOLIERE NUOVO - ZAIDIN - GRANADA - ViviEsperienze\",\"isPartOf\":{\"@id\":\"https:\/\/www.viviesperienze.com\/es\/#website\"},\"primaryImageOfPage\":{\"@id\":\"https:\/\/www.viviesperienze.com\/es\/evento\/cena-con-asesinato-il-gondoliere-nuovo-zaidin-granada\/#primaryimage\"},\"image\":{\"@id\":\"https:\/\/www.viviesperienze.com\/es\/evento\/cena-con-asesinato-il-gondoliere-nuovo-zaidin-granada\/#primaryimage\"},\"thumbnailUrl\":\"https:\/\/www.viviesperienze.com\/es\/wp-content\/uploads\/2025\/10\/sito-spagna-Il-Gondoliere-28-11.jpg\",\"datePublished\":\"2025-10-28T10:53:40+00:00\",\"dateModified\":\"2025-11-28T16:57:44+00:00\",\"breadcrumb\":{\"@id\":\"https:\/\/www.viviesperienze.com\/es\/evento\/cena-con-asesinato-il-gondoliere-nuovo-zaidin-granada\/#breadcrumb\"},\"inLanguage\":\"es\",\"potentialAction\":[{\"@type\":\"ReadAction\",\"target\":[\"https:\/\/www.viviesperienze.com\/es\/evento\/cena-con-asesinato-il-gondoliere-nuovo-zaidin-granada\/\"]}]},{\"@type\":\"ImageObject\",\"inLanguage\":\"es\",\"@id\":\"https:\/\/www.viviesperienze.com\/es\/evento\/cena-con-asesinato-il-gondoliere-nuovo-zaidin-granada\/#primaryimage\",\"url\":\"https:\/\/www.viviesperienze.com\/es\/wp-content\/uploads\/2025\/10\/sito-spagna-Il-Gondoliere-28-11.jpg\",\"contentUrl\":\"https:\/\/www.viviesperienze.com\/es\/wp-content\/uploads\/2025\/10\/sito-spagna-Il-Gondoliere-28-11.jpg\",\"width\":1080,\"height\":1080},{\"@type\":\"BreadcrumbList\",\"@id\":\"https:\/\/www.viviesperienze.com\/es\/evento\/cena-con-asesinato-il-gondoliere-nuovo-zaidin-granada\/#breadcrumb\",\"itemListElement\":[{\"@type\":\"ListItem\",\"position\":1,\"name\":\"Home\",\"item\":\"https:\/\/www.viviesperienze.com\/es\/\"},{\"@type\":\"ListItem\",\"position\":2,\"name\":\"Eventos en programa\",\"item\":\"https:\/\/www.viviesperienze.com\/es\/eventos-en-programa\/\"},{\"@type\":\"ListItem\",\"position\":3,\"name\":\"CENA CON ASESINATO &#8211; IL GONDOLIERE NUOVO &#8211; ZAIDIN &#8211; GRANADA\"}]},{\"@type\":\"WebSite\",\"@id\":\"https:\/\/www.viviesperienze.com\/es\/#website\",\"url\":\"https:\/\/www.viviesperienze.com\/es\/\",\"name\":\"ViviEsperienze\",\"description\":\"\",\"publisher\":{\"@id\":\"https:\/\/www.viviesperienze.com\/es\/#organization\"},\"potentialAction\":[{\"@type\":\"SearchAction\",\"target\":{\"@type\":\"EntryPoint\",\"urlTemplate\":\"https:\/\/www.viviesperienze.com\/es\/?s={search_term_string}\"},\"query-input\":{\"@type\":\"PropertyValueSpecification\",\"valueRequired\":true,\"valueName\":\"search_term_string\"}}],\"inLanguage\":\"es\"},{\"@type\":\"Organization\",\"@id\":\"https:\/\/www.viviesperienze.com\/es\/#organization\",\"name\":\"ODISYA GROUP - FZCO\",\"url\":\"https:\/\/www.viviesperienze.com\/es\/\",\"logo\":{\"@type\":\"ImageObject\",\"inLanguage\":\"es\",\"@id\":\"https:\/\/www.viviesperienze.com\/es\/#\/schema\/logo\/image\/\",\"url\":\"https:\/\/www.viviesperienze.com\/es\/wp-content\/uploads\/2025\/08\/logo-viviesperienze.png\",\"contentUrl\":\"https:\/\/www.viviesperienze.com\/es\/wp-content\/uploads\/2025\/08\/logo-viviesperienze.png\",\"width\":1004,\"height\":211,\"caption\":\"ODISYA GROUP - FZCO\"},\"image\":{\"@id\":\"https:\/\/www.viviesperienze.com\/es\/#\/schema\/logo\/image\/\"},\"sameAs\":[\"https:\/\/www.facebook.com\/Viviesperienze\",\"https:\/\/www.instagram.com\/viviesperienze\/\"]}]}<\/script>\n<!-- \/ Yoast SEO plugin. -->","yoast_head_json":{"title":"CENA CON ASESINATO - IL GONDOLIERE NUOVO - ZAIDIN - GRANADA - ViviEsperienze","robots":{"index":"index","follow":"follow","max-snippet":"max-snippet:-1","max-image-preview":"max-image-preview:large","max-video-preview":"max-video-preview:-1"},"canonical":"https:\/\/www.viviesperienze.com\/es\/evento\/cena-con-asesinato-il-gondoliere-nuovo-zaidin-granada\/","og_locale":"es_ES","og_type":"article","og_title":"CENA CON ASESINATO - IL GONDOLIERE NUOVO - ZAIDIN - GRANADA - ViviEsperienze","og_url":"https:\/\/www.viviesperienze.com\/es\/evento\/cena-con-asesinato-il-gondoliere-nuovo-zaidin-granada\/","og_site_name":"ViviEsperienze","article_publisher":"https:\/\/www.facebook.com\/Viviesperienze","article_modified_time":"2025-11-28T16:57:44+00:00","og_image":[{"width":1080,"height":1080,"url":"https:\/\/www.viviesperienze.com\/es\/wp-content\/uploads\/2025\/10\/sito-spagna-Il-Gondoliere-28-11.jpg","type":"image\/jpeg"}],"twitter_card":"summary_large_image","twitter_misc":{"Tiempo de lectura":"3 minutos"},"schema":{"@context":"https:\/\/schema.org","@graph":[{"@type":"WebPage","@id":"https:\/\/www.viviesperienze.com\/es\/evento\/cena-con-asesinato-il-gondoliere-nuovo-zaidin-granada\/","url":"https:\/\/www.viviesperienze.com\/es\/evento\/cena-con-asesinato-il-gondoliere-nuovo-zaidin-granada\/","name":"CENA CON ASESINATO - IL GONDOLIERE NUOVO - ZAIDIN - GRANADA - ViviEsperienze","isPartOf":{"@id":"https:\/\/www.viviesperienze.com\/es\/#website"},"primaryImageOfPage":{"@id":"https:\/\/www.viviesperienze.com\/es\/evento\/cena-con-asesinato-il-gondoliere-nuovo-zaidin-granada\/#primaryimage"},"image":{"@id":"https:\/\/www.viviesperienze.com\/es\/evento\/cena-con-asesinato-il-gondoliere-nuovo-zaidin-granada\/#primaryimage"},"thumbnailUrl":"https:\/\/www.viviesperienze.com\/es\/wp-content\/uploads\/2025\/10\/sito-spagna-Il-Gondoliere-28-11.jpg","datePublished":"2025-10-28T10:53:40+00:00","dateModified":"2025-11-28T16:57:44+00:00","breadcrumb":{"@id":"https:\/\/www.viviesperienze.com\/es\/evento\/cena-con-asesinato-il-gondoliere-nuovo-zaidin-granada\/#breadcrumb"},"inLanguage":"es","potentialAction":[{"@type":"ReadAction","target":["https:\/\/www.viviesperienze.com\/es\/evento\/cena-con-asesinato-il-gondoliere-nuovo-zaidin-granada\/"]}]},{"@type":"ImageObject","inLanguage":"es","@id":"https:\/\/www.viviesperienze.com\/es\/evento\/cena-con-asesinato-il-gondoliere-nuovo-zaidin-granada\/#primaryimage","url":"https:\/\/www.viviesperienze.com\/es\/wp-content\/uploads\/2025\/10\/sito-spagna-Il-Gondoliere-28-11.jpg","contentUrl":"https:\/\/www.viviesperienze.com\/es\/wp-content\/uploads\/2025\/10\/sito-spagna-Il-Gondoliere-28-11.jpg","width":1080,"height":1080},{"@type":"BreadcrumbList","@id":"https:\/\/www.viviesperienze.com\/es\/evento\/cena-con-asesinato-il-gondoliere-nuovo-zaidin-granada\/#breadcrumb","itemListElement":[{"@type":"ListItem","position":1,"name":"Home","item":"https:\/\/www.viviesperienze.com\/es\/"},{"@type":"ListItem","position":2,"name":"Eventos en programa","item":"https:\/\/www.viviesperienze.com\/es\/eventos-en-programa\/"},{"@type":"ListItem","position":3,"name":"CENA CON ASESINATO &#8211; IL GONDOLIERE NUOVO &#8211; ZAIDIN &#8211; GRANADA"}]},{"@type":"WebSite","@id":"https:\/\/www.viviesperienze.com\/es\/#website","url":"https:\/\/www.viviesperienze.com\/es\/","name":"ViviEsperienze","description":"","publisher":{"@id":"https:\/\/www.viviesperienze.com\/es\/#organization"},"potentialAction":[{"@type":"SearchAction","target":{"@type":"EntryPoint","urlTemplate":"https:\/\/www.viviesperienze.com\/es\/?s={search_term_string}"},"query-input":{"@type":"PropertyValueSpecification","valueRequired":true,"valueName":"search_term_string"}}],"inLanguage":"es"},{"@type":"Organization","@id":"https:\/\/www.viviesperienze.com\/es\/#organization","name":"ODISYA GROUP - FZCO","url":"https:\/\/www.viviesperienze.com\/es\/","logo":{"@type":"ImageObject","inLanguage":"es","@id":"https:\/\/www.viviesperienze.com\/es\/#\/schema\/logo\/image\/","url":"https:\/\/www.viviesperienze.com\/es\/wp-content\/uploads\/2025\/08\/logo-viviesperienze.png","contentUrl":"https:\/\/www.viviesperienze.com\/es\/wp-content\/uploads\/2025\/08\/logo-viviesperienze.png","width":1004,"height":211,"caption":"ODISYA GROUP - FZCO"},"image":{"@id":"https:\/\/www.viviesperienze.com\/es\/#\/schema\/logo\/image\/"},"sameAs":["https:\/\/www.facebook.com\/Viviesperienze","https:\/\/www.instagram.com\/viviesperienze\/"]}]}},"meta_box":{"categoria-format":{"term_id":15,"name":"Cena con Asesinato","slug":"cena-con-asesinato","term_group":0,"term_taxonomy_id":15,"taxonomy":"product_cat","description":"Un evento que une sabor y misterio: durante la cena, los invitados se convierten en detectives entre pistas, giros inesperados y mucha diversi\u00f3n.","parent":0,"count":13,"filter":"raw"},"city":[{"term_id":142,"name":"Granada","slug":"granada","term_group":0,"term_taxonomy_id":142,"taxonomy":"city","description":"","parent":0,"count":2,"filter":"raw"}],"location_evento":"6623","product-tag":[],"info_evento":{"info_txt_biglietteria":"<strong>Confirmar reserva<\/strong>\r\n\r\nDebe comprar su entrada para el espect\u00e1culo con antelaci\u00f3n. Indique el n\u00famero exacto de adultos y, si corresponde, el de ni\u00f1os. La cena se pagar\u00e1 directamente en el lugar.\r\n\r\n<strong>La reserva del espect\u00e1culo, conlleva la consumici\u00f3n de cena.<\/strong> No es posible asistir al espect\u00e1culo sin cena.\r\n\r\nDebe indicar cualquier <strong>alergia alimentaria<\/strong> al hacer la reserva.","type_format":"cena","evento_summary":[{"title_summary":"FORMATO","description_summary":"<div class=\"Y3BBE\" data-sfc-cp=\"\" data-hveid=\"CAEIAxAA\" data-processed=\"true\" data-complete=\"true\">La Cena con Asesinato es un evento exclusivo que une teatro y gastronom\u00eda, transformando a los invitados en protagonistas de un intrigante misterio.\r\nDurante la cena, dividida en actos, los actores representan una trama llena de suspense entre un plato y otro, manteniendo la atenci\u00f3n del p\u00fablico con continuos giros inesperados.\r\nCada plato se disfruta sin prisas, mientras la historia se desarrolla.\r\nAl final de la velada, los participantes deber\u00e1n resolver el misterio, desvelando al asesino y su motivo.\r\nEs perfecta para quienes buscan una experiencia diferente, divertida e interactiva, en una atm\u00f3sfera llena de emoci\u00f3n y sorpresas.<\/div>\r\n<div data-xid=\"Gd7Hsc\" data-sfc-cp=\"\" data-wiz-uids=\"WRVuOe_x\" data-complete=\"true\" data-processed=\"true\">\r\n<div class=\"DBd2Wb\" data-complete=\"true\" data-processed=\"true\">\r\n<div data-complete=\"true\" data-processed=\"true\"><\/div>\r\n<\/div>\r\n<\/div>","_state":"expanded"},{"title_summary":"TRAMA","description_summary":"El Sr. Chao ha muerto en su restaurante favorito.\r\n\r\nFamiliares y amigos se han reunido para darle una despedida, pero todo se enturbia cuando aparece \u201cel inspector\u201d, alegando que entre los invitados se encuentran los principales sospechosos del asesinato.\r\n\r\nNadie saldr\u00e1 del lugar hasta que se esclarezca el crimen.\r\n\r\n\u00bfQui\u00e9n ser\u00e1 el culpable?","_state":"expanded"},{"title_summary":"MEN\u00da","description_summary":"<strong>Ensalada de la Casa<\/strong>\r\nFresca mezcla de hojas verdes con ingredientes seleccionados, aderezada con una vinagreta ligera que realza su sabor natural.\r\n\r\n<strong>Pat\u00e9<\/strong>\r\nSuave y delicado pat\u00e9 al estilo italiano, acompa\u00f1ado de pan artesanal ligeramente tostado.\r\n\r\n<strong>Piadina<\/strong>\r\nCl\u00e1sica piadina roma\u00f1ola, elaborada con masa fina y dorada, rellena con ingredientes t\u00edpicos que evocan los sabores tradicionales de Italia.\r\n\r\n<strong>Pizza o Pasta (a la carta)<\/strong>\r\nElecci\u00f3n libre entre nuestras pizzas artesanales, con masa fina y crujiente, o pastas frescas preparadas al momento con salsas aut\u00e9nticas de la cocina italiana.\r\n\r\n<strong>Surtido de la Dolce Italia<\/strong>\r\nSelecci\u00f3n de postres emblem\u00e1ticos de la reposter\u00eda italiana, un recorrido por los dulces m\u00e1s queridos de nuestro pa\u00eds.\r\n\r\n<strong>Vino de la Casa, Cerveza o Refresco, y C\u00f3ctel de Moscatel<\/strong>\r\n<strong>Incluye dos bebidas por persona.<\/strong>\r\n\r\n<strong>Se puede solicitar cualquier variante del men\u00fa por intolerancias y elecciones diet\u00e9ticas, basta con comunicarlo durante el proceso de compra en el campo \"intolerancias especiales\".<\/strong>","_state":"expanded"}],"price_summary":[{"icon_summary":"couple","label_summary":"Costo De La Cena Por Adulto","price_summary":"24.50","_state":"expanded"},{"icon_summary":"children","label_summary":"Costo De La Cena Infantil","price_summary":"10.75","_state":"expanded"},{"icon_summary":"money","label_summary":"costo del espect\u00e1culo promoci\u00f3n","price_summary":"10","_state":"expanded"},{"icon_summary":"money","label_summary":"Costo del espect\u00e1culo est\u00e1ndar","price_summary":"15","_state":"expanded"}]}},"_links":{"self":[{"href":"https:\/\/www.viviesperienze.com\/es\/wp-json\/wp\/v2\/product\/6681","targetHints":{"allow":["GET"]}}],"collection":[{"href":"https:\/\/www.viviesperienze.com\/es\/wp-json\/wp\/v2\/product"}],"about":[{"href":"https:\/\/www.viviesperienze.com\/es\/wp-json\/wp\/v2\/types\/product"}],"wp:featuredmedia":[{"embeddable":true,"href":"https:\/\/www.viviesperienze.com\/es\/wp-json\/wp\/v2\/media\/6629"}],"wp:attachment":[{"href":"https:\/\/www.viviesperienze.com\/es\/wp-json\/wp\/v2\/media?parent=6681"}],"wp:term":[{"taxonomy":"product_brand","embeddable":true,"href":"https:\/\/www.viviesperienze.com\/es\/wp-json\/wp\/v2\/product_brand?post=6681"},{"taxonomy":"product_cat","embeddable":true,"href":"https:\/\/www.viviesperienze.com\/es\/wp-json\/wp\/v2\/product_cat?post=6681"},{"taxonomy":"product_tag","embeddable":true,"href":"https:\/\/www.viviesperienze.com\/es\/wp-json\/wp\/v2\/product_tag?post=6681"}],"curies":[{"name":"wp","href":"https:\/\/api.w.org\/{rel}","templated":true}]}}